{"id":107,"date":"2019-06-26T10:56:54","date_gmt":"2019-06-26T10:56:54","guid":{"rendered":"https:\/\/democontent.codex-themes.com\/sites-elementor\/logistics\/?page_id=107"},"modified":"2025-11-12T15:42:13","modified_gmt":"2025-11-12T12:42:13","slug":"our-news-blog","status":"publish","type":"page","link":"https:\/\/www.zngenerjiinsaat.com\/?page_id=107","title":{"rendered":"Our News &#038; Blog (Demo)"},"content":{"rendered":"\t\t<div data-elementor-type=\"wp-page\" data-elementor-id=\"107\" class=\"elementor elementor-107\">\n\t\t\t\t\t\t<main class=\"elementor-section elementor-top-section elementor-element elementor-element-55e5ee7 elementor-section-boxed elementor-section-height-default elementor-section-height-default\" data-id=\"55e5ee7\" data-element_type=\"section\">\r\n\t\t\t\t\t\t<div class=\"elementor-container elementor-column-gap-thegem\"><div class=\"elementor-row\">\r\n\t\t\t\t\t<div class=\"elementor-column elementor-col-100 elementor-top-column elementor-element elementor-element-0cddc73\" data-id=\"0cddc73\" data-element_type=\"column\">\n\t\t\t<div class=\"elementor-widget-wrap elementor-element-populated\">\n\t\t\t\t\t\t<div class=\"elementor-element elementor-element-691228c flex-horizontal-align-default flex-horizontal-align-tablet-default flex-horizontal-align-mobile-default flex-vertical-align-default flex-vertical-align-tablet-default flex-vertical-align-mobile-default elementor-widget elementor-widget-thegem-bloglist\" data-id=\"691228c\" data-element_type=\"widget\" data-settings=\"{&quot;items_per_page&quot;:4,&quot;categories&quot;:[&quot;0&quot;],&quot;thegem_elementor_preset&quot;:&quot;default&quot;,&quot;query_type&quot;:&quot;post&quot;,&quot;source&quot;:[&quot;categories&quot;],&quot;exclude_blog_posts_type&quot;:&quot;manual&quot;,&quot;order_by&quot;:&quot;default&quot;,&quot;order&quot;:&quot;default&quot;,&quot;image_icon_show&quot;:&quot;yes&quot;}\" data-widget_type=\"thegem-bloglist.default\">\n\t\t\t\t<div class=\"elementor-widget-container\">\n\t\t\t\t\t\t\t\t\t<div class=\"preloader\"><div class=\"preloader-spin\"><\/div><\/div>\n\t\t\t\t\t\t<div class=\"bloglist blog clearfix  blog-style-default   pagination-numbers \" data-page=\"1\" data-paged=\"1\" data-next-page=\"2\" data-pages-count=\"3\" data-load-more-action=\"thegem_bloglist_load_more\">\n\t\t\t\n<article id=\"post-1\" class=\"post-item no-image item-animations-not-inited post-1 post type-post status-publish format-standard category-genel\" >\n\t\n\t\t\n\t\t<div class=\"item-post-container\">\n\t\t\t<div class=\"item-post clearfix\">\n\n\t\t\t\t\n\t\t\t\t<div class=\"caption-container\">\n\n\t\t\t\t\t<div class=\"post-meta\">\n\t\t\t\t\t\t<div class=\"entry-meta clearfix gem-post-date\">\n\t\t\t\t\t\t\t<div class=\"post-meta-right\">\n\t\t\t\t\t\t\t\t\t\t\t\t\t\t\t\t\t\t\t\t\t\t\t\t\t\t\t\t\t\t\t<\/div>\n\t\t\t\t\t\t\t<div class=\"post-meta-left\">\n\t\t\t\t\t\t\t\t\t\t\t\t\t\t\t\t\t<span class=\"post-meta-author\">\n\t\t\t\t\t\t\t\t\t\tBy <a href=\"https:\/\/www.zngenerjiinsaat.com\" title=\"admin sitesine gidin\" rel=\"author external\">admin<\/a>\t\t\t\t\t\t\t\t\t<\/span>\n\t\t\t\t\t\t\t\t\t\t\t\t\t\t\t\t\t\t\t\t\t\t\t\t\t\t\t\t\t\t\t\t\t\t\t<span class=\"sep\"><\/span> \n\t\t\t\t\t\t\t\t\t\t\t\t\t\t\t\t\t\t<span class=\"post-meta-categories\">\n\t\t\t\t\t\t\t\t\t\t<a href=\"https:\/\/www.zngenerjiinsaat.com\/?cat=1\" title=\"Genel i\u00e7indeki t\u00fcm mesajlar\u0131 g\u00f6r\u00fcnt\u00fcle\">Genel<\/a>\t\t\t\t\t\t\t\t\t<\/span>\n\t\t\t\t\t\t\t\t\t\t\t\t\t\t\t<\/div>\n\t\t\t\t\t\t<\/div><!-- .entry-meta -->\n\t\t\t\t\t<\/div>\n\n\t\t\t\t\t\t\t\t\t\t\t<div class=\"post-title\">\n\t\t\t\t\t\t\t<h3 class=\"entry-title\"><a href=\"https:\/\/www.zngenerjiinsaat.com\/?p=1\" rel=\"bookmark\"><span class=\"entry-title-date\">12 Kas: <\/span><span class=\"light\">Merhaba d\u00fcnya!<\/span><\/a><\/h3>\t\t\t\t\t\t<\/div>\n\t\t\t\t\t\n\t\t\t\t\t\t\t\t\t\t\t<div class=\"post-text\">\n\t\t\t\t\t\t\t<div class=\"summary\">\n\t\t\t\t\t\t\t\t<p>WordPress&#8217;e ho\u015f geldiniz. Bu sizin ilk yaz\u0131n\u0131z. Bu yaz\u0131y\u0131 d\u00fczenleyin&#8230;<\/p>\n\t\t\t\t\t\t\t<\/div>\n\t\t\t\t\t\t<\/div>\n\t\t\t\t\t\n\t\t\t\t\t<div class=\"post-footer\">\n\t\t\t\t\t\t<div class=\"post-footer-sharing\">\n\t\t\t\t\t\t\t\n<div class=\"gem-button-container gem-widget-button gem-button-position-inline\">\n\t<a class=\"gem-button gem-button-size-tiny gem-button-style-flat gem-button-text-weight-normal gem-button-empty\" href=\"#\" target=\"_self\" role=\"button\" aria-label=\"Share\">\n\t\t<div class=\"elementor-icon\">\n\t\t\t\t\t\t\t<i class=\"default\"><\/i>\n\t\t\t\t\t<\/div>\n\t<\/a>\n<\/div>\n\n<div class=\"sharing-popup\">\n\t<div class=\"socials-sharing socials socials-colored-hover\">\n\n\t\t\t\t\t<a class=\"socials-item\" target=\"_blank\" href=\"https:\/\/www.facebook.com\/sharer\/sharer.php?u=https%3A%2F%2Fwww.zngenerjiinsaat.com%2F%3Fp%3D1\" title=\"Facebook\"><i class=\"socials-item-icon facebook\"><\/i><\/a>\n\t\t\n\t\t\t\t\t<a class=\"socials-item\" target=\"_blank\" href=\"https:\/\/twitter.com\/intent\/tweet?text=Merhaba+d%C3%BCnya%21&#038;url=https%3A%2F%2Fwww.zngenerjiinsaat.com%2F%3Fp%3D1\" title=\"Twitter\"><i class=\"socials-item-icon twitter\"><\/i><\/a>\n\t\t\n\t\t\t\t\t<a class=\"socials-item\" target=\"_blank\" href=\"https:\/\/pinterest.com\/pin\/create\/button\/?url=https%3A%2F%2Fwww.zngenerjiinsaat.com%2F%3Fp%3D1&#038;description=Merhaba+d%C3%BCnya%21\" title=\"Pinterest\"><i class=\"socials-item-icon pinterest\"><\/i><\/a>\n\t\t\n\t\t\t\t\t<a class=\"socials-item\" target=\"_blank\" href=\"http:\/\/tumblr.com\/widgets\/share\/tool?canonicalUrl=https%3A%2F%2Fwww.zngenerjiinsaat.com%2F%3Fp%3D1\" title=\"Tumblr\"><i class=\"socials-item-icon tumblr\"><\/i><\/a>\n\t\t\n\t\t\t\t\t<a class=\"socials-item\" target=\"_blank\" href=\"https:\/\/www.linkedin.com\/shareArticle?mini=true&#038;url=https%3A%2F%2Fwww.zngenerjiinsaat.com%2F%3Fp%3D1&#038;title=Merhaba+d%C3%BCnya%21&amp;summary=WordPress%26%238217%3Be+ho%C5%9F+geldiniz.+Bu+sizin+ilk+yaz%C4%B1n%C4%B1z.+Bu+yaz%C4%B1y%C4%B1+d%C3%BCzenleyin...\" title=\"LinkedIn\"><i class=\"socials-item-icon linkedin\"><\/i><\/a>\n\t\t\n\t\t\t\t\t<a class=\"socials-item\" target=\"_blank\" href=\"https:\/\/www.reddit.com\/submit?url=https%3A%2F%2Fwww.zngenerjiinsaat.com%2F%3Fp%3D1&#038;title=Merhaba+d%C3%BCnya%21\" title=\"Reddit\"><i class=\"socials-item-icon reddit\"><\/i><\/a>\n\t\t\n\t<\/div>\n<svg class=\"sharing-styled-arrow\"><use xlink:href=\"https:\/\/www.zngenerjiinsaat.com\/wp-content\/themes\/thegem-elementor\/css\/post-arrow.svg#dec-post-arrow\"><\/use><\/svg>\n<\/div>\n\t\t\t\t\t\t<\/div>\n\t\t\t\t\t\t<div class=\"post-read-more\">\n\t\t\t\t\t\t\t\t<div class=\"gem-button-container gem-widget-button gem-button-position-inline\">\n\t\t<a class=\"gem-button gem-button-size-tiny gem-button-style-outline\" href=\"https:\/\/www.zngenerjiinsaat.com\/?p=1\">\n\t\t\t<span class=\"gem-inner-wrapper-btn\">\n\t\t\t\t\t\t\t\t<span class=\"gem-text-button\">\n\t\t\t\t\tRead More\t\t\t\t<\/span>\n\t\t\t<\/span>\n\t\t<\/a>\n\t<\/div>\n\t\t\t\t\t\t<\/div>\n\t\t\t\t\t<\/div>\n\n\t\t\t\t<\/div>\n\t\t\t<\/div>\n\t\t<\/div>\n\t<\/article><!-- #post-1 -->\n\n<article id=\"post-552\" class=\"post-item item-animations-not-inited post-552 post type-post status-publish format-standard has-post-thumbnail category-transportation tag-3pl tag-air tag-cargo tag-forwarding tag-transport\" >\n\t\n\t\t\n\t\t<div class=\"item-post-container\">\n\t\t\t<div class=\"item-post clearfix\">\n\n\t\t\t\t\t\t\t\t\t<div class=\"post-image post-img\"><div class=\"post-featured-content\"><a href=\"https:\/\/www.zngenerjiinsaat.com\/?p=552\">\t\t<picture>\n\t\t\t\t\t\t<img src=\"https:\/\/www.zngenerjiinsaat.com\/wp-content\/uploads\/2018\/12\/2-3-1-thegem-blog-default-large.jpg\" width=\"1170\" height=\"540\"  class=\"img-responsive\" alt=\"2 (Demo)\" \/>\n\t\t<\/picture>\n\t\t<\/a><\/div><\/div>\n\t\t\t\t\n\t\t\t\t<div class=\"caption-container\">\n\n\t\t\t\t\t<div class=\"post-meta\">\n\t\t\t\t\t\t<div class=\"entry-meta clearfix gem-post-date\">\n\t\t\t\t\t\t\t<div class=\"post-meta-right\">\n\t\t\t\t\t\t\t\t\t\t\t\t\t\t\t\t\t\t\t\t\t\t\t\t\t\t\t\t\t\t\t<\/div>\n\t\t\t\t\t\t\t<div class=\"post-meta-left\">\n\t\t\t\t\t\t\t\t\t\t\t\t\t\t\t\t\t<span class=\"post-meta-author\">\n\t\t\t\t\t\t\t\t\t\tBy <a href=\"https:\/\/www.zngenerjiinsaat.com\" title=\"admin sitesine gidin\" rel=\"author external\">admin<\/a>\t\t\t\t\t\t\t\t\t<\/span>\n\t\t\t\t\t\t\t\t\t\t\t\t\t\t\t\t\t\t\t\t\t\t\t\t\t\t\t\t\t\t\t\t\t\t\t<span class=\"sep\"><\/span> \n\t\t\t\t\t\t\t\t\t\t\t\t\t\t\t\t\t\t<span class=\"post-meta-categories\">\n\t\t\t\t\t\t\t\t\t\t<a href=\"https:\/\/www.zngenerjiinsaat.com\/?cat=7\" title=\"Transportation (Demo) i\u00e7indeki t\u00fcm mesajlar\u0131 g\u00f6r\u00fcnt\u00fcle\">Transportation (Demo)<\/a>\t\t\t\t\t\t\t\t\t<\/span>\n\t\t\t\t\t\t\t\t\t\t\t\t\t\t\t<\/div>\n\t\t\t\t\t\t<\/div><!-- .entry-meta -->\n\t\t\t\t\t<\/div>\n\n\t\t\t\t\t\t\t\t\t\t\t<div class=\"post-title\">\n\t\t\t\t\t\t\t<h3 class=\"entry-title\"><a href=\"https:\/\/www.zngenerjiinsaat.com\/?p=552\" rel=\"bookmark\"><span class=\"entry-title-date\">02 Tem: <\/span><span class=\"light\">Awesome News (Demo)<\/span><\/a><\/h3>\t\t\t\t\t\t<\/div>\n\t\t\t\t\t\n\t\t\t\t\t\t\t\t\t\t\t<div class=\"post-text\">\n\t\t\t\t\t\t\t<div class=\"summary\">\n\t\t\t\t\t\t\t\t<p>Lorem Ipsum. Proin gravida nibh vel velit auctor aliquet. Aenean sollicitudin, lorem quis bibendum auctor, nisi elit consequat ipsum, nec sagittis sem nibh id elit. Duis sed odio sit amet nibh vulputate cursus a sit amet mauris. Morbi accumsan ipsum velit.<br \/>\nNam nec tellus a odio tincidunt auctor a ornare odio. Sed non  mauris vitae erat consequat auctor eu in elit.<\/p>\n\t\t\t\t\t\t\t<\/div>\n\t\t\t\t\t\t<\/div>\n\t\t\t\t\t\n\t\t\t\t\t<div class=\"post-footer\">\n\t\t\t\t\t\t<div class=\"post-footer-sharing\">\n\t\t\t\t\t\t\t\n<div class=\"gem-button-container gem-widget-button gem-button-position-inline\">\n\t<a class=\"gem-button gem-button-size-tiny gem-button-style-flat gem-button-text-weight-normal gem-button-empty\" href=\"#\" target=\"_self\" role=\"button\" aria-label=\"Share\">\n\t\t<div class=\"elementor-icon\">\n\t\t\t\t\t\t\t<i class=\"default\"><\/i>\n\t\t\t\t\t<\/div>\n\t<\/a>\n<\/div>\n\n<div class=\"sharing-popup\">\n\t<div class=\"socials-sharing socials socials-colored-hover\">\n\n\t\t\t\t\t<a class=\"socials-item\" target=\"_blank\" href=\"https:\/\/www.facebook.com\/sharer\/sharer.php?u=https%3A%2F%2Fwww.zngenerjiinsaat.com%2F%3Fp%3D552\" title=\"Facebook\"><i class=\"socials-item-icon facebook\"><\/i><\/a>\n\t\t\n\t\t\t\t\t<a class=\"socials-item\" target=\"_blank\" href=\"https:\/\/twitter.com\/intent\/tweet?text=Awesome+News+%28Demo%29&#038;url=https%3A%2F%2Fwww.zngenerjiinsaat.com%2F%3Fp%3D552\" title=\"Twitter\"><i class=\"socials-item-icon twitter\"><\/i><\/a>\n\t\t\n\t\t\t\t\t<a class=\"socials-item\" target=\"_blank\" href=\"https:\/\/pinterest.com\/pin\/create\/button\/?url=https%3A%2F%2Fwww.zngenerjiinsaat.com%2F%3Fp%3D552&#038;description=Awesome+News+%28Demo%29&#038;media=https%3A%2F%2Fwww.zngenerjiinsaat.com%2Fwp-content%2Fuploads%2F2018%2F12%2F2-3-1-thegem-blog-timeline-large.jpg\" title=\"Pinterest\"><i class=\"socials-item-icon pinterest\"><\/i><\/a>\n\t\t\n\t\t\t\t\t<a class=\"socials-item\" target=\"_blank\" href=\"http:\/\/tumblr.com\/widgets\/share\/tool?canonicalUrl=https%3A%2F%2Fwww.zngenerjiinsaat.com%2F%3Fp%3D552\" title=\"Tumblr\"><i class=\"socials-item-icon tumblr\"><\/i><\/a>\n\t\t\n\t\t\t\t\t<a class=\"socials-item\" target=\"_blank\" href=\"https:\/\/www.linkedin.com\/shareArticle?mini=true&#038;url=https%3A%2F%2Fwww.zngenerjiinsaat.com%2F%3Fp%3D552&#038;title=Awesome+News+%28Demo%29&amp;summary=Lorem+Ipsum.+Proin+gravida+nibh+vel+velit+auctor+aliquet.+Aenean+sollicitudin%2C+lorem+quis+bibendum+auctor%2C+nisi+elit+consequat+ipsum%2C+nec+sagittis+sem+nibh+id+elit.+Duis+sed+odio+sit+amet+nibh+vulputate+cursus+a+sit+amet+mauris.+Morbi+accumsan+ipsum+velit.%0ANam+nec+tellus+a+odio+tincidunt+auctor+a+ornare+odio.+Sed+non++mauris+vitae+erat+consequat+auctor+eu+in+elit.\" title=\"LinkedIn\"><i class=\"socials-item-icon linkedin\"><\/i><\/a>\n\t\t\n\t\t\t\t\t<a class=\"socials-item\" target=\"_blank\" href=\"https:\/\/www.reddit.com\/submit?url=https%3A%2F%2Fwww.zngenerjiinsaat.com%2F%3Fp%3D552&#038;title=Awesome+News+%28Demo%29\" title=\"Reddit\"><i class=\"socials-item-icon reddit\"><\/i><\/a>\n\t\t\n\t<\/div>\n<svg class=\"sharing-styled-arrow\"><use xlink:href=\"https:\/\/www.zngenerjiinsaat.com\/wp-content\/themes\/thegem-elementor\/css\/post-arrow.svg#dec-post-arrow\"><\/use><\/svg>\n<\/div>\n\t\t\t\t\t\t<\/div>\n\t\t\t\t\t\t<div class=\"post-read-more\">\n\t\t\t\t\t\t\t\t<div class=\"gem-button-container gem-widget-button gem-button-position-inline\">\n\t\t<a class=\"gem-button gem-button-size-tiny gem-button-style-outline\" href=\"https:\/\/www.zngenerjiinsaat.com\/?p=552\">\n\t\t\t<span class=\"gem-inner-wrapper-btn\">\n\t\t\t\t\t\t\t\t<span class=\"gem-text-button\">\n\t\t\t\t\tRead More\t\t\t\t<\/span>\n\t\t\t<\/span>\n\t\t<\/a>\n\t<\/div>\n\t\t\t\t\t\t<\/div>\n\t\t\t\t\t<\/div>\n\n\t\t\t\t<\/div>\n\t\t\t<\/div>\n\t\t<\/div>\n\t<\/article><!-- #post-552 -->\n\n<article id=\"post-550\" class=\"post-item item-animations-not-inited post-550 post type-post status-publish format-standard has-post-thumbnail category-transportation tag-3pl tag-customs tag-ocean\" >\n\t\n\t\t\n\t\t<div class=\"item-post-container\">\n\t\t\t<div class=\"item-post clearfix\">\n\n\t\t\t\t\t\t\t\t\t<div class=\"post-image post-img\"><div class=\"post-featured-content\"><a href=\"https:\/\/www.zngenerjiinsaat.com\/?p=550\">\t\t<picture>\n\t\t\t\t\t\t<img src=\"https:\/\/www.zngenerjiinsaat.com\/wp-content\/uploads\/2018\/12\/3-3-1-thegem-blog-default-large.jpg\" width=\"1170\" height=\"540\"  class=\"img-responsive\" alt=\"3 (Demo)\" \/>\n\t\t<\/picture>\n\t\t<\/a><\/div><\/div>\n\t\t\t\t\n\t\t\t\t<div class=\"caption-container\">\n\n\t\t\t\t\t<div class=\"post-meta\">\n\t\t\t\t\t\t<div class=\"entry-meta clearfix gem-post-date\">\n\t\t\t\t\t\t\t<div class=\"post-meta-right\">\n\t\t\t\t\t\t\t\t\t\t\t\t\t\t\t\t\t\t\t\t\t\t\t\t\t\t\t\t\t\t\t<\/div>\n\t\t\t\t\t\t\t<div class=\"post-meta-left\">\n\t\t\t\t\t\t\t\t\t\t\t\t\t\t\t\t\t<span class=\"post-meta-author\">\n\t\t\t\t\t\t\t\t\t\tBy <a href=\"https:\/\/www.zngenerjiinsaat.com\" title=\"admin sitesine gidin\" rel=\"author external\">admin<\/a>\t\t\t\t\t\t\t\t\t<\/span>\n\t\t\t\t\t\t\t\t\t\t\t\t\t\t\t\t\t\t\t\t\t\t\t\t\t\t\t\t\t\t\t\t\t\t\t<span class=\"sep\"><\/span> \n\t\t\t\t\t\t\t\t\t\t\t\t\t\t\t\t\t\t<span class=\"post-meta-categories\">\n\t\t\t\t\t\t\t\t\t\t<a href=\"https:\/\/www.zngenerjiinsaat.com\/?cat=7\" title=\"Transportation (Demo) i\u00e7indeki t\u00fcm mesajlar\u0131 g\u00f6r\u00fcnt\u00fcle\">Transportation (Demo)<\/a>\t\t\t\t\t\t\t\t\t<\/span>\n\t\t\t\t\t\t\t\t\t\t\t\t\t\t\t<\/div>\n\t\t\t\t\t\t<\/div><!-- .entry-meta -->\n\t\t\t\t\t<\/div>\n\n\t\t\t\t\t\t\t\t\t\t\t<div class=\"post-title\">\n\t\t\t\t\t\t\t<h3 class=\"entry-title\"><a href=\"https:\/\/www.zngenerjiinsaat.com\/?p=550\" rel=\"bookmark\"><span class=\"entry-title-date\">02 Tem: <\/span><span class=\"light\">Our Team Expands (Demo)<\/span><\/a><\/h3>\t\t\t\t\t\t<\/div>\n\t\t\t\t\t\n\t\t\t\t\t\t\t\t\t\t\t<div class=\"post-text\">\n\t\t\t\t\t\t\t<div class=\"summary\">\n\t\t\t\t\t\t\t\t<p>Lorem Ipsum. Proin gravida nibh vel velit auctor aliquet. Aenean sollicitudin, lorem quis bibendum auctor, nisi elit consequat ipsum, nec sagittis sem nibh id elit. Duis sed odio sit amet nibh vulputate cursus a sit amet mauris. Morbi accumsan ipsum velit.<br \/>\nNam nec tellus a odio tincidunt auctor a ornare odio. Sed non  mauris vitae erat consequat auctor eu in elit.<\/p>\n\t\t\t\t\t\t\t<\/div>\n\t\t\t\t\t\t<\/div>\n\t\t\t\t\t\n\t\t\t\t\t<div class=\"post-footer\">\n\t\t\t\t\t\t<div class=\"post-footer-sharing\">\n\t\t\t\t\t\t\t\n<div class=\"gem-button-container gem-widget-button gem-button-position-inline\">\n\t<a class=\"gem-button gem-button-size-tiny gem-button-style-flat gem-button-text-weight-normal gem-button-empty\" href=\"#\" target=\"_self\" role=\"button\" aria-label=\"Share\">\n\t\t<div class=\"elementor-icon\">\n\t\t\t\t\t\t\t<i class=\"default\"><\/i>\n\t\t\t\t\t<\/div>\n\t<\/a>\n<\/div>\n\n<div class=\"sharing-popup\">\n\t<div class=\"socials-sharing socials socials-colored-hover\">\n\n\t\t\t\t\t<a class=\"socials-item\" target=\"_blank\" href=\"https:\/\/www.facebook.com\/sharer\/sharer.php?u=https%3A%2F%2Fwww.zngenerjiinsaat.com%2F%3Fp%3D550\" title=\"Facebook\"><i class=\"socials-item-icon facebook\"><\/i><\/a>\n\t\t\n\t\t\t\t\t<a class=\"socials-item\" target=\"_blank\" href=\"https:\/\/twitter.com\/intent\/tweet?text=Our+Team+Expands+%28Demo%29&#038;url=https%3A%2F%2Fwww.zngenerjiinsaat.com%2F%3Fp%3D550\" title=\"Twitter\"><i class=\"socials-item-icon twitter\"><\/i><\/a>\n\t\t\n\t\t\t\t\t<a class=\"socials-item\" target=\"_blank\" href=\"https:\/\/pinterest.com\/pin\/create\/button\/?url=https%3A%2F%2Fwww.zngenerjiinsaat.com%2F%3Fp%3D550&#038;description=Our+Team+Expands+%28Demo%29&#038;media=https%3A%2F%2Fwww.zngenerjiinsaat.com%2Fwp-content%2Fuploads%2F2018%2F12%2F3-3-1-thegem-blog-timeline-large.jpg\" title=\"Pinterest\"><i class=\"socials-item-icon pinterest\"><\/i><\/a>\n\t\t\n\t\t\t\t\t<a class=\"socials-item\" target=\"_blank\" href=\"http:\/\/tumblr.com\/widgets\/share\/tool?canonicalUrl=https%3A%2F%2Fwww.zngenerjiinsaat.com%2F%3Fp%3D550\" title=\"Tumblr\"><i class=\"socials-item-icon tumblr\"><\/i><\/a>\n\t\t\n\t\t\t\t\t<a class=\"socials-item\" target=\"_blank\" href=\"https:\/\/www.linkedin.com\/shareArticle?mini=true&#038;url=https%3A%2F%2Fwww.zngenerjiinsaat.com%2F%3Fp%3D550&#038;title=Our+Team+Expands+%28Demo%29&amp;summary=Lorem+Ipsum.+Proin+gravida+nibh+vel+velit+auctor+aliquet.+Aenean+sollicitudin%2C+lorem+quis+bibendum+auctor%2C+nisi+elit+consequat+ipsum%2C+nec+sagittis+sem+nibh+id+elit.+Duis+sed+odio+sit+amet+nibh+vulputate+cursus+a+sit+amet+mauris.+Morbi+accumsan+ipsum+velit.%0ANam+nec+tellus+a+odio+tincidunt+auctor+a+ornare+odio.+Sed+non++mauris+vitae+erat+consequat+auctor+eu+in+elit.\" title=\"LinkedIn\"><i class=\"socials-item-icon linkedin\"><\/i><\/a>\n\t\t\n\t\t\t\t\t<a class=\"socials-item\" target=\"_blank\" href=\"https:\/\/www.reddit.com\/submit?url=https%3A%2F%2Fwww.zngenerjiinsaat.com%2F%3Fp%3D550&#038;title=Our+Team+Expands+%28Demo%29\" title=\"Reddit\"><i class=\"socials-item-icon reddit\"><\/i><\/a>\n\t\t\n\t<\/div>\n<svg class=\"sharing-styled-arrow\"><use xlink:href=\"https:\/\/www.zngenerjiinsaat.com\/wp-content\/themes\/thegem-elementor\/css\/post-arrow.svg#dec-post-arrow\"><\/use><\/svg>\n<\/div>\n\t\t\t\t\t\t<\/div>\n\t\t\t\t\t\t<div class=\"post-read-more\">\n\t\t\t\t\t\t\t\t<div class=\"gem-button-container gem-widget-button gem-button-position-inline\">\n\t\t<a class=\"gem-button gem-button-size-tiny gem-button-style-outline\" href=\"https:\/\/www.zngenerjiinsaat.com\/?p=550\">\n\t\t\t<span class=\"gem-inner-wrapper-btn\">\n\t\t\t\t\t\t\t\t<span class=\"gem-text-button\">\n\t\t\t\t\tRead More\t\t\t\t<\/span>\n\t\t\t<\/span>\n\t\t<\/a>\n\t<\/div>\n\t\t\t\t\t\t<\/div>\n\t\t\t\t\t<\/div>\n\n\t\t\t\t<\/div>\n\t\t\t<\/div>\n\t\t<\/div>\n\t<\/article><!-- #post-550 -->\n\n<article id=\"post-548\" class=\"post-item item-animations-not-inited post-548 post type-post status-publish format-standard has-post-thumbnail category-packaging tag-3pl tag-cargo tag-transport\" >\n\t\n\t\t\n\t\t<div class=\"item-post-container\">\n\t\t\t<div class=\"item-post clearfix\">\n\n\t\t\t\t\t\t\t\t\t<div class=\"post-image post-img\"><div class=\"post-featured-content\"><a href=\"https:\/\/www.zngenerjiinsaat.com\/?p=548\">\t\t<picture>\n\t\t\t\t\t\t<img src=\"https:\/\/www.zngenerjiinsaat.com\/wp-content\/uploads\/2018\/12\/4-1-1-thegem-blog-default-large.jpg\" width=\"1170\" height=\"540\"  class=\"img-responsive\" alt=\"4 (Demo)\" \/>\n\t\t<\/picture>\n\t\t<\/a><\/div><\/div>\n\t\t\t\t\n\t\t\t\t<div class=\"caption-container\">\n\n\t\t\t\t\t<div class=\"post-meta\">\n\t\t\t\t\t\t<div class=\"entry-meta clearfix gem-post-date\">\n\t\t\t\t\t\t\t<div class=\"post-meta-right\">\n\t\t\t\t\t\t\t\t\t\t\t\t\t\t\t\t\t\t\t\t\t\t\t\t\t\t\t\t\t\t\t<\/div>\n\t\t\t\t\t\t\t<div class=\"post-meta-left\">\n\t\t\t\t\t\t\t\t\t\t\t\t\t\t\t\t\t<span class=\"post-meta-author\">\n\t\t\t\t\t\t\t\t\t\tBy <a href=\"https:\/\/www.zngenerjiinsaat.com\" title=\"admin sitesine gidin\" rel=\"author external\">admin<\/a>\t\t\t\t\t\t\t\t\t<\/span>\n\t\t\t\t\t\t\t\t\t\t\t\t\t\t\t\t\t\t\t\t\t\t\t\t\t\t\t\t\t\t\t\t\t\t\t<span class=\"sep\"><\/span> \n\t\t\t\t\t\t\t\t\t\t\t\t\t\t\t\t\t\t<span class=\"post-meta-categories\">\n\t\t\t\t\t\t\t\t\t\t<a href=\"https:\/\/www.zngenerjiinsaat.com\/?cat=6\" title=\"Packaging (Demo) i\u00e7indeki t\u00fcm mesajlar\u0131 g\u00f6r\u00fcnt\u00fcle\">Packaging (Demo)<\/a>\t\t\t\t\t\t\t\t\t<\/span>\n\t\t\t\t\t\t\t\t\t\t\t\t\t\t\t<\/div>\n\t\t\t\t\t\t<\/div><!-- .entry-meta -->\n\t\t\t\t\t<\/div>\n\n\t\t\t\t\t\t\t\t\t\t\t<div class=\"post-title\">\n\t\t\t\t\t\t\t<h3 class=\"entry-title\"><a href=\"https:\/\/www.zngenerjiinsaat.com\/?p=548\" rel=\"bookmark\"><span class=\"entry-title-date\">02 Tem: <\/span><span class=\"light\">Special Rates (Demo)<\/span><\/a><\/h3>\t\t\t\t\t\t<\/div>\n\t\t\t\t\t\n\t\t\t\t\t\t\t\t\t\t\t<div class=\"post-text\">\n\t\t\t\t\t\t\t<div class=\"summary\">\n\t\t\t\t\t\t\t\t<p>Lorem Ipsum. Proin gravida nibh vel velit auctor aliquet. Aenean sollicitudin, lorem quis bibendum auctor, nisi elit consequat ipsum, nec sagittis sem nibh id elit. Duis sed odio sit amet nibh vulputate cursus a sit amet mauris. Morbi accumsan ipsum velit.<br \/>\nNam nec tellus a odio tincidunt auctor a ornare odio. Sed non  mauris vitae erat consequat auctor eu in elit.<\/p>\n\t\t\t\t\t\t\t<\/div>\n\t\t\t\t\t\t<\/div>\n\t\t\t\t\t\n\t\t\t\t\t<div class=\"post-footer\">\n\t\t\t\t\t\t<div class=\"post-footer-sharing\">\n\t\t\t\t\t\t\t\n<div class=\"gem-button-container gem-widget-button gem-button-position-inline\">\n\t<a class=\"gem-button gem-button-size-tiny gem-button-style-flat gem-button-text-weight-normal gem-button-empty\" href=\"#\" target=\"_self\" role=\"button\" aria-label=\"Share\">\n\t\t<div class=\"elementor-icon\">\n\t\t\t\t\t\t\t<i class=\"default\"><\/i>\n\t\t\t\t\t<\/div>\n\t<\/a>\n<\/div>\n\n<div class=\"sharing-popup\">\n\t<div class=\"socials-sharing socials socials-colored-hover\">\n\n\t\t\t\t\t<a class=\"socials-item\" target=\"_blank\" href=\"https:\/\/www.facebook.com\/sharer\/sharer.php?u=https%3A%2F%2Fwww.zngenerjiinsaat.com%2F%3Fp%3D548\" title=\"Facebook\"><i class=\"socials-item-icon facebook\"><\/i><\/a>\n\t\t\n\t\t\t\t\t<a class=\"socials-item\" target=\"_blank\" href=\"https:\/\/twitter.com\/intent\/tweet?text=Special+Rates+%28Demo%29&#038;url=https%3A%2F%2Fwww.zngenerjiinsaat.com%2F%3Fp%3D548\" title=\"Twitter\"><i class=\"socials-item-icon twitter\"><\/i><\/a>\n\t\t\n\t\t\t\t\t<a class=\"socials-item\" target=\"_blank\" href=\"https:\/\/pinterest.com\/pin\/create\/button\/?url=https%3A%2F%2Fwww.zngenerjiinsaat.com%2F%3Fp%3D548&#038;description=Special+Rates+%28Demo%29&#038;media=https%3A%2F%2Fwww.zngenerjiinsaat.com%2Fwp-content%2Fuploads%2F2018%2F12%2F4-1-1-thegem-blog-timeline-large.jpg\" title=\"Pinterest\"><i class=\"socials-item-icon pinterest\"><\/i><\/a>\n\t\t\n\t\t\t\t\t<a class=\"socials-item\" target=\"_blank\" href=\"http:\/\/tumblr.com\/widgets\/share\/tool?canonicalUrl=https%3A%2F%2Fwww.zngenerjiinsaat.com%2F%3Fp%3D548\" title=\"Tumblr\"><i class=\"socials-item-icon tumblr\"><\/i><\/a>\n\t\t\n\t\t\t\t\t<a class=\"socials-item\" target=\"_blank\" href=\"https:\/\/www.linkedin.com\/shareArticle?mini=true&#038;url=https%3A%2F%2Fwww.zngenerjiinsaat.com%2F%3Fp%3D548&#038;title=Special+Rates+%28Demo%29&amp;summary=Lorem+Ipsum.+Proin+gravida+nibh+vel+velit+auctor+aliquet.+Aenean+sollicitudin%2C+lorem+quis+bibendum+auctor%2C+nisi+elit+consequat+ipsum%2C+nec+sagittis+sem+nibh+id+elit.+Duis+sed+odio+sit+amet+nibh+vulputate+cursus+a+sit+amet+mauris.+Morbi+accumsan+ipsum+velit.%0ANam+nec+tellus+a+odio+tincidunt+auctor+a+ornare+odio.+Sed+non++mauris+vitae+erat+consequat+auctor+eu+in+elit.\" title=\"LinkedIn\"><i class=\"socials-item-icon linkedin\"><\/i><\/a>\n\t\t\n\t\t\t\t\t<a class=\"socials-item\" target=\"_blank\" href=\"https:\/\/www.reddit.com\/submit?url=https%3A%2F%2Fwww.zngenerjiinsaat.com%2F%3Fp%3D548&#038;title=Special+Rates+%28Demo%29\" title=\"Reddit\"><i class=\"socials-item-icon reddit\"><\/i><\/a>\n\t\t\n\t<\/div>\n<svg class=\"sharing-styled-arrow\"><use xlink:href=\"https:\/\/www.zngenerjiinsaat.com\/wp-content\/themes\/thegem-elementor\/css\/post-arrow.svg#dec-post-arrow\"><\/use><\/svg>\n<\/div>\n\t\t\t\t\t\t<\/div>\n\t\t\t\t\t\t<div class=\"post-read-more\">\n\t\t\t\t\t\t\t\t<div class=\"gem-button-container gem-widget-button gem-button-position-inline\">\n\t\t<a class=\"gem-button gem-button-size-tiny gem-button-style-outline\" href=\"https:\/\/www.zngenerjiinsaat.com\/?p=548\">\n\t\t\t<span class=\"gem-inner-wrapper-btn\">\n\t\t\t\t\t\t\t\t<span class=\"gem-text-button\">\n\t\t\t\t\tRead More\t\t\t\t<\/span>\n\t\t\t<\/span>\n\t\t<\/a>\n\t<\/div>\n\t\t\t\t\t\t<\/div>\n\t\t\t\t\t<\/div>\n\n\t\t\t\t<\/div>\n\t\t\t<\/div>\n\t\t<\/div>\n\t<\/article><!-- #post-548 -->\n\t\t\t<\/div>\n\t\t\n\t\t\t\t\t\t\t<div class=\"preloader\"><div class=\"preloader-spin\"><\/div><\/div>\n\t\t\t\t<div class=\"bloglist-pagination\" data-page=\"1\" data-next-page=\"2\">\n\t\t\t\t\t\t\t\t\t\t\t\t\t<div class=\"gem-pagination\"><div class=\"gem-pagination-links gem-pagination-position-left\">\n\t\t\t<span aria-current=\"page\" class=\"page-numbers current\">1<\/span>\n<a class=\"page-numbers\" href=\"https:\/\/www.zngenerjiinsaat.com\/index.php\/?paged=2&#038;rest_route=%2Fwp%2Fv2%2Fpages%2F107\">2<\/a>\n<a class=\"page-numbers\" href=\"https:\/\/www.zngenerjiinsaat.com\/index.php\/?paged=3&#038;rest_route=%2Fwp%2Fv2%2Fpages%2F107\">3<\/a>\n<a class=\"next page-numbers\" href=\"https:\/\/www.zngenerjiinsaat.com\/index.php\/?paged=2&#038;rest_route=%2Fwp%2Fv2%2Fpages%2F107\"><i class=\"default\"><\/i><\/a>\t\t<\/div><\/div><!-- .pagination -->\n\t\t\t\t\t\t\t\t\t\t\t<\/div>\n\t\t\t\n\t\t\t\n\t\t\t\n\t\t\t\t\t\t<\/div>\n\t\t\t\t<\/div>\n\t\t\t\t\t<\/div>\n\t\t<\/div>\n\t\t\t\t\t<\/div><\/div>\r\n\t\t<\/main>\r\n\t\t\t\t<\/div>\n\t\t","protected":false},"excerpt":{"rendered":"","protected":false},"author":1,"featured_media":0,"parent":747,"menu_order":0,"comment_status":"closed","ping_status":"closed","template":"","meta":{"footnotes":""},"class_list":["post-107","page","type-page","status-publish"],"_links":{"self":[{"href":"https:\/\/www.zngenerjiinsaat.com\/index.php?rest_route=\/wp\/v2\/pages\/107","targetHints":{"allow":["GET"]}}],"collection":[{"href":"https:\/\/www.zngenerjiinsaat.com\/index.php?rest_route=\/wp\/v2\/pages"}],"about":[{"href":"https:\/\/www.zngenerjiinsaat.com\/index.php?rest_route=\/wp\/v2\/types\/page"}],"author":[{"embeddable":true,"href":"https:\/\/www.zngenerjiinsaat.com\/index.php?rest_route=\/wp\/v2\/users\/1"}],"replies":[{"embeddable":true,"href":"https:\/\/www.zngenerjiinsaat.com\/index.php?rest_route=%2Fwp%2Fv2%2Fcomments&post=107"}],"version-history":[{"count":1,"href":"https:\/\/www.zngenerjiinsaat.com\/index.php?rest_route=\/wp\/v2\/pages\/107\/revisions"}],"predecessor-version":[{"id":1396,"href":"https:\/\/www.zngenerjiinsaat.com\/index.php?rest_route=\/wp\/v2\/pages\/107\/revisions\/1396"}],"up":[{"embeddable":true,"href":"https:\/\/www.zngenerjiinsaat.com\/index.php?rest_route=\/wp\/v2\/pages\/747"}],"wp:attachment":[{"href":"https:\/\/www.zngenerjiinsaat.com\/index.php?rest_route=%2Fwp%2Fv2%2Fmedia&parent=107"}],"curies":[{"name":"wp","href":"https:\/\/api.w.org\/{rel}","templated":true}]}}