{"id":40,"date":"2019-06-26T10:36:30","date_gmt":"2019-06-26T10:36:30","guid":{"rendered":"https:\/\/democontent.codex-themes.com\/sites-elementor\/logistics\/?page_id=40"},"modified":"2025-12-02T17:10:44","modified_gmt":"2025-12-02T14:10:44","slug":"hakkimizda","status":"publish","type":"page","link":"https:\/\/www.zngenerjiinsaat.com\/?page_id=40","title":{"rendered":"Hakk\u0131m\u0131zda"},"content":{"rendered":"\t\t<div data-elementor-type=\"wp-page\" data-elementor-id=\"40\" class=\"elementor elementor-40\">\n\t\t\t\t\t\t<main class=\"elementor-section elementor-top-section elementor-element elementor-element-882cf17 elementor-section-boxed elementor-section-height-default elementor-section-height-default\" data-id=\"882cf17\" data-element_type=\"section\">\r\n\t\t\t\t\t\t<div class=\"elementor-container elementor-column-gap-thegem\"><div class=\"elementor-row\">\r\n\t\t\t\t\t<div class=\"elementor-column elementor-col-100 elementor-top-column elementor-element elementor-element-ef12ac0\" data-id=\"ef12ac0\" data-element_type=\"column\">\n\t\t\t<div class=\"elementor-widget-wrap elementor-element-populated\">\n\t\t\t\t\t\t<section class=\"elementor-section elementor-inner-section elementor-element elementor-element-546ef86 elementor-section-boxed elementor-section-height-default elementor-section-height-default\" data-id=\"546ef86\" data-element_type=\"section\">\r\n\t\t\t\t\t\t<div class=\"elementor-container elementor-column-gap-thegem\"><div class=\"elementor-row\">\r\n\t\t\t\t\t<div class=\"elementor-column elementor-col-50 elementor-inner-column elementor-element elementor-element-73e30b9\" data-id=\"73e30b9\" data-element_type=\"column\">\n\t\t\t<div class=\"elementor-widget-wrap elementor-element-populated\">\n\t\t\t\t\t\t<div class=\"elementor-element elementor-element-4bfc5ed flex-horizontal-align-default flex-horizontal-align-tablet-default flex-horizontal-align-mobile-default flex-vertical-align-default flex-vertical-align-tablet-default flex-vertical-align-mobile-default elementor-widget elementor-widget-heading\" data-id=\"4bfc5ed\" data-element_type=\"widget\" data-widget_type=\"heading.default\">\n\t\t\t\t\t<div class=\"styled-subtitle elementor-heading-title elementor-size-default\">HAKKIMIZDA<\/div>\t\t\t\t<\/div>\n\t\t\t\t<div class=\"elementor-element elementor-element-bafceb0 flex-horizontal-align-default flex-horizontal-align-tablet-default flex-horizontal-align-mobile-default flex-vertical-align-default flex-vertical-align-tablet-default flex-vertical-align-mobile-default elementor-widget elementor-widget-text-editor\" data-id=\"bafceb0\" data-element_type=\"widget\" data-widget_type=\"text-editor.default\">\n\t\t\t\t\t\t\t\t\t\t\t\t<div class=\"elementor-text-editor elementor-clearfix\">\r\n\t\t\t\t\t\t<p class=\"cvGsUA direction-ltr align-justify para-style-body\"><span class=\"a_GcMg font-feature-liga-off font-feature-clig-off font-feature-calt-off text-decoration-none text-strikethrough-none\">ZNG ENERJ\u0130 olarak, elektrikli ara\u00e7 \u015farj istasyonlar\u0131 kurulumu ve AG-OG elektrik projeleri alanlar\u0131nda uzmanla\u015fm\u0131\u015f bir firmay\u0131z. Yenilik\u00e7i ve g\u00fcvenilir \u00e7\u00f6z\u00fcmlerimizle enerji sekt\u00f6r\u00fcnde s\u00fcrd\u00fcr\u00fclebilirli\u011fi destekliyoruz. Misyonumuz, y\u00fcksek kaliteli hizmetler sunarak m\u00fc\u015fterilerimizin enerji ihtiya\u00e7lar\u0131n\u0131 en verimli \u015fekilde kar\u015f\u0131lamak ve sekt\u00f6rdeki geli\u015fmeleri yak\u0131ndan takip ederek yenilik\u00e7i \u00e7\u00f6z\u00fcmler \u00fcretmektir.<\/span><\/p><p class=\"cvGsUA direction-ltr align-justify para-style-body\"><span class=\"a_GcMg font-feature-liga-off font-feature-clig-off font-feature-calt-off text-decoration-none text-strikethrough-none\">Enerji alan\u0131nda geni\u015f deneyimimiz ve profesyonel ekibimizle, projelerinizin her a\u015famas\u0131nda titizlikle \u00e7al\u0131\u015f\u0131yoruz. Amac\u0131m\u0131z, m\u00fc\u015fteri memnuniyetini \u00f6n planda tutarak, g\u00fcvenilir ve uzun \u00f6m\u00fcrl\u00fc enerji \u00e7\u00f6z\u00fcmleri sunmak. \u00c7evre dostu yakla\u015f\u0131mlar\u0131m\u0131z ve y\u00fcksek standartlar\u0131m\u0131zla, enerji verimlili\u011fini art\u0131rmay\u0131 ve s\u00fcrd\u00fcr\u00fclebilir bir gelecek in\u015fa etmeyi hedefliyoruz.<\/span><\/p><p class=\"cvGsUA direction-ltr align-justify para-style-body\"><span class=\"a_GcMg font-feature-liga-off font-feature-clig-off font-feature-calt-off text-decoration-none text-strikethrough-none\">ZNG ENERJ\u0130 olarak, sekt\u00f6r\u00fcn dinamiklerine uyum sa\u011flamak ve teknolojik yenilikleri takip etmekteki kararl\u0131l\u0131\u011f\u0131m\u0131zla, enerji alan\u0131nda lider bir firma olma yolunda emin ad\u0131mlarla ilerliyoruz. Bizimle \u00e7al\u0131\u015farak, g\u00fcvenli ve s\u00fcrd\u00fcr\u00fclebilir enerji \u00e7\u00f6z\u00fcmleri elde etmenin avantaj\u0131n\u0131 ya\u015fay\u0131n.<\/span><\/p><p class=\"cvGsUA direction-ltr align-justify para-style-body\">\u00a0<\/p>\t\t\t\t\t\t\t<\/div>\r\n\t\t\t\t\t\t\t\t\t\t<\/div>\n\t\t\t\t\t<\/div>\n\t\t<\/div>\n\t\t\t\t<div class=\"elementor-column elementor-col-50 elementor-inner-column elementor-element elementor-element-d50f904\" data-id=\"d50f904\" data-element_type=\"column\">\n\t\t\t<div class=\"elementor-widget-wrap elementor-element-populated\">\n\t\t\t\t\t\t<div class=\"elementor-element elementor-element-b936a1a flex-horizontal-align-default flex-horizontal-align-tablet-default flex-horizontal-align-mobile-default flex-vertical-align-default flex-vertical-align-tablet-default flex-vertical-align-mobile-default elementor-invisible elementor-widget elementor-widget-image\" data-id=\"b936a1a\" data-element_type=\"widget\" data-settings=\"{&quot;_animation&quot;:&quot;fadeInUp&quot;}\" data-widget_type=\"image.default\">\n\t\t\t\t\t\t\t\t\t\t\t\t\t\t\t<img width=\"2560\" height=\"1707\" src=\"https:\/\/www.zngenerjiinsaat.com\/wp-content\/uploads\/2025\/11\/futuristic-business-scene-with-ultra-modern-ambiance-scaled.jpg\" class=\"attachment-full size-full wp-image-1474\" alt=\"\" srcset=\"https:\/\/www.zngenerjiinsaat.com\/wp-content\/uploads\/2025\/11\/futuristic-business-scene-with-ultra-modern-ambiance-scaled.jpg 2560w, https:\/\/www.zngenerjiinsaat.com\/wp-content\/uploads\/2025\/11\/futuristic-business-scene-with-ultra-modern-ambiance-300x200.jpg 300w, https:\/\/www.zngenerjiinsaat.com\/wp-content\/uploads\/2025\/11\/futuristic-business-scene-with-ultra-modern-ambiance-1024x683.jpg 1024w, https:\/\/www.zngenerjiinsaat.com\/wp-content\/uploads\/2025\/11\/futuristic-business-scene-with-ultra-modern-ambiance-768x512.jpg 768w, https:\/\/www.zngenerjiinsaat.com\/wp-content\/uploads\/2025\/11\/futuristic-business-scene-with-ultra-modern-ambiance-1536x1024.jpg 1536w, https:\/\/www.zngenerjiinsaat.com\/wp-content\/uploads\/2025\/11\/futuristic-business-scene-with-ultra-modern-ambiance-2048x1365.jpg 2048w\" sizes=\"(max-width: 2560px) 100vw, 2560px\" \/>\t\t\t\t\t\t\t\t\t\t\t\t\t\t\t<\/div>\n\t\t\t\t\t<\/div>\n\t\t<\/div>\n\t\t\t\t\t<\/div><\/div>\r\n\t\t<\/section>\r\n\t\t\t\t<section class=\"elementor-section elementor-inner-section elementor-element elementor-element-7d82162 elementor-reverse-tablet elementor-reverse-mobile elementor-section-boxed elementor-section-height-default elementor-section-height-default\" data-id=\"7d82162\" data-element_type=\"section\">\r\n\t\t\t\t\t\t<div class=\"elementor-container elementor-column-gap-thegem\"><div class=\"elementor-row\">\r\n\t\t\t\t\t<div class=\"elementor-column elementor-col-50 elementor-inner-column elementor-element elementor-element-51c6192\" data-id=\"51c6192\" data-element_type=\"column\">\n\t\t\t<div class=\"elementor-widget-wrap elementor-element-populated\">\n\t\t\t\t\t\t<div class=\"elementor-element elementor-element-5656c8f flex-horizontal-align-default flex-horizontal-align-tablet-default flex-horizontal-align-mobile-default flex-vertical-align-default flex-vertical-align-tablet-default flex-vertical-align-mobile-default elementor-invisible elementor-widget elementor-widget-image\" data-id=\"5656c8f\" data-element_type=\"widget\" data-settings=\"{&quot;_animation&quot;:&quot;fadeInUp&quot;}\" data-widget_type=\"image.default\">\n\t\t\t\t\t\t\t\t\t\t\t\t\t\t\t<img width=\"1184\" height=\"864\" src=\"https:\/\/www.zngenerjiinsaat.com\/wp-content\/uploads\/2025\/11\/Firefly_Gemini-Flash_enerji-ve-insaat-alaninda-fore-kazik-ile-ilgilenen-firma-icin-kapak-gorseli-tasarla-f-119075-1.png\" class=\"attachment-full size-full wp-image-1478\" alt=\"\" srcset=\"https:\/\/www.zngenerjiinsaat.com\/wp-content\/uploads\/2025\/11\/Firefly_Gemini-Flash_enerji-ve-insaat-alaninda-fore-kazik-ile-ilgilenen-firma-icin-kapak-gorseli-tasarla-f-119075-1.png 1184w, https:\/\/www.zngenerjiinsaat.com\/wp-content\/uploads\/2025\/11\/Firefly_Gemini-Flash_enerji-ve-insaat-alaninda-fore-kazik-ile-ilgilenen-firma-icin-kapak-gorseli-tasarla-f-119075-1-300x219.png 300w, https:\/\/www.zngenerjiinsaat.com\/wp-content\/uploads\/2025\/11\/Firefly_Gemini-Flash_enerji-ve-insaat-alaninda-fore-kazik-ile-ilgilenen-firma-icin-kapak-gorseli-tasarla-f-119075-1-1024x747.png 1024w, https:\/\/www.zngenerjiinsaat.com\/wp-content\/uploads\/2025\/11\/Firefly_Gemini-Flash_enerji-ve-insaat-alaninda-fore-kazik-ile-ilgilenen-firma-icin-kapak-gorseli-tasarla-f-119075-1-768x560.png 768w\" sizes=\"(max-width: 1184px) 100vw, 1184px\" \/>\t\t\t\t\t\t\t\t\t\t\t\t\t\t\t<\/div>\n\t\t\t\t\t<\/div>\n\t\t<\/div>\n\t\t\t\t<div class=\"elementor-column elementor-col-50 elementor-inner-column elementor-element elementor-element-7bb156f\" data-id=\"7bb156f\" data-element_type=\"column\">\n\t\t\t<div class=\"elementor-widget-wrap elementor-element-populated\">\n\t\t\t\t\t\t<div class=\"elementor-element elementor-element-834f4f5 flex-horizontal-align-default flex-horizontal-align-tablet-default flex-horizontal-align-mobile-default flex-vertical-align-default flex-vertical-align-tablet-default flex-vertical-align-mobile-default elementor-widget elementor-widget-heading\" data-id=\"834f4f5\" data-element_type=\"widget\" data-widget_type=\"heading.default\">\n\t\t\t\t\t<div class=\"styled-subtitle elementor-heading-title elementor-size-default\">V\u0130ZYON &amp; M\u0130SYON<\/div>\t\t\t\t<\/div>\n\t\t\t\t<div class=\"elementor-element elementor-element-0d97f1e flex-horizontal-align-default flex-horizontal-align-tablet-default flex-horizontal-align-mobile-default flex-vertical-align-default flex-vertical-align-tablet-default flex-vertical-align-mobile-default elementor-widget elementor-widget-thegem-accordion\" data-id=\"0d97f1e\" data-element_type=\"widget\" data-settings=\"{&quot;thegem_elementor_preset&quot;:&quot;simple_solid&quot;,&quot;title_position&quot;:&quot;left&quot;}\" data-widget_type=\"thegem-accordion.default\">\n\t\t\t\t<div class=\"elementor-widget-container\">\n\t\t\t\t\t\n\t\t<div class=\"gem-tta-container\" data-vc-action=\"collapse\">\n\t\t\t<div class=\"gem-tta-general gem-tta gem-tta-accordion gem-tta-color-thegem gem-tta-style-simple_solid gem-tta-shape-rounded gem-tta-o-shape-group gem-tta-controls-align-left\">\n\t\t\t\t<div class=\"gem-tta-panels-container\">\n\t\t\t\t\t<div class=\"gem-tta-panels\">\n\t\t\t\t\t\t\n\t\t\t\t\t\t\t<div id=\"section-0d97f1e-1\" class=\"gem-tta-panel gem-tta-active\" data-vc-content=\".gem-tta-panel-body\">\n\t\t\t\t\t\t\t\t<div class=\"gem-tta-panel-heading\">\n\t\t\t\t\t\t\t\t\t<h4 class=\"gem-tta-panel-title gem-tta-controls-icon-position-left\">\n\t\t\t\t\t\t\t\t\t\t<a href=\"#section-0d97f1e-1\" data-vc-accordion data-vc-container=\".gem-tta-container\">\n\n\t\t\t\t\t\t\t\t\t\t\t\n\t\t\t\t\t\t\t\t\t\t\t<span class=\"gem-tta-title-text\">\n\t\t\t\t\t\t\t\t\t\t\t\tV\u0130ZYON\t\t\t\t\t\t\t\t\t\t\t<\/span>\n\n\t\t\t\t\t\t\t\t\t\t\t\n\t\t\t\t\t\t\t\t\t\t\t<span class=\"gem-tta-controls-icon gem-tta-controls-icon-opened\">\n\t\t\t\t\t\t\t\t\t\t\t\t<i aria-hidden=\"true\" class=\"gem-mdi mdi-minus-box\"><\/i>\t\t\t\t\t\t\t\t\t\t\t<\/span>\n\t\t\t\t\t\t\t\t\t\t\t<span class=\"gem-tta-controls-icon gem-tta-controls-icon-closed\">\n\t\t\t\t\t\t\t\t\t\t\t\t<i aria-hidden=\"true\" class=\"gem-mdi mdi-plus-box\"><\/i>\t\t\t\t\t\t\t\t\t\t\t<\/span>\n\t\t\t\t\t\t\t\t\t\t<\/a>\n\t\t\t\t\t\t\t\t\t<\/h4>\n\t\t\t\t\t\t\t\t<\/div>\n\t\t\t\t\t\t\t\t<div class=\"gem-tta-panel-body\">\n\t\t\t\t\t\t\t\t\t\t\t<div class=\"gem-text-output\"><p><span class=\"a_GcMg font-feature-liga-off font-feature-clig-off font-feature-calt-off text-decoration-none text-strikethrough-none\">ZNG Enerji olarak, T\u00fcrkiye ve d\u00fcnya genelinde enerji sekt\u00f6r\u00fcnde yenilik\u00e7i, \u00e7evre dostu ve s\u00fcrd\u00fcr\u00fclebilir \u00e7\u00f6z\u00fcmler sunarak lider konumda olmay\u0131 hedefliyoruz. Enerji teknolojilerindeki geli\u015fmeleri yak\u0131ndan takip ederek, m\u00fc\u015fteri memnuniyetini en \u00fcst d\u00fczeyde tutan ve toplumun enerji ihtiya\u00e7lar\u0131n\u0131 en verimli \u015fekilde kar\u015f\u0131layan bir \u015firket olma vizyonunu benimsiyoruz.<\/span><\/p><\/div>\t\t\t\t\t\t\t\t\t\t<\/div>\n\t\t\t\t\t\t\t\t\t<\/div>\n\t\t\t\t\t\t\n\t\t\t\t\t\t\t<div id=\"section-0d97f1e-2\" class=\"gem-tta-panel \" data-vc-content=\".gem-tta-panel-body\">\n\t\t\t\t\t\t\t\t<div class=\"gem-tta-panel-heading\">\n\t\t\t\t\t\t\t\t\t<h4 class=\"gem-tta-panel-title gem-tta-controls-icon-position-left\">\n\t\t\t\t\t\t\t\t\t\t<a href=\"#section-0d97f1e-2\" data-vc-accordion data-vc-container=\".gem-tta-container\">\n\n\t\t\t\t\t\t\t\t\t\t\t\n\t\t\t\t\t\t\t\t\t\t\t<span class=\"gem-tta-title-text\">\n\t\t\t\t\t\t\t\t\t\t\t\tM\u0130SYON\t\t\t\t\t\t\t\t\t\t\t<\/span>\n\n\t\t\t\t\t\t\t\t\t\t\t\n\t\t\t\t\t\t\t\t\t\t\t<span class=\"gem-tta-controls-icon gem-tta-controls-icon-opened\">\n\t\t\t\t\t\t\t\t\t\t\t\t<i aria-hidden=\"true\" class=\"gem-mdi mdi-minus-box\"><\/i>\t\t\t\t\t\t\t\t\t\t\t<\/span>\n\t\t\t\t\t\t\t\t\t\t\t<span class=\"gem-tta-controls-icon gem-tta-controls-icon-closed\">\n\t\t\t\t\t\t\t\t\t\t\t\t<i aria-hidden=\"true\" class=\"gem-mdi mdi-plus-box\"><\/i>\t\t\t\t\t\t\t\t\t\t\t<\/span>\n\t\t\t\t\t\t\t\t\t\t<\/a>\n\t\t\t\t\t\t\t\t\t<\/h4>\n\t\t\t\t\t\t\t\t<\/div>\n\t\t\t\t\t\t\t\t<div class=\"gem-tta-panel-body\">\n\t\t\t\t\t\t\t\t\t\t\t<div class=\"gem-text-output\"><p><span class=\"a_GcMg font-feature-liga-off font-feature-clig-off font-feature-calt-off text-decoration-none text-strikethrough-none\">ZNG Enerji\u2019nin misyonu, y\u00fcksek kaliteli elektrikli ara\u00e7 \u015farj istasyonlar\u0131 ve AG-OG elektrik projeleri ile enerji sekt\u00f6r\u00fcnde fark yaratmakt\u0131r. M\u00fc\u015fterilerimize g\u00fcvenilir ve etkin enerji \u00e7\u00f6z\u00fcmleri sunarak, enerji verimlili\u011fini art\u0131rmak ve s\u00fcrd\u00fcr\u00fclebilir enerji kaynaklar\u0131n\u0131n kullan\u0131m\u0131n\u0131 te\u015fvik etmek temel misyonumuzdur. Teknolojik yenilikler ve \u00e7evre dostu uygulamalarla enerji sekt\u00f6r\u00fcne de\u011fer katmak ve topluma fayda sa\u011flamak i\u00e7in \u00e7al\u0131\u015f\u0131yoruz.<\/span><\/p><\/div>\t\t\t\t\t\t\t\t\t\t<\/div>\n\t\t\t\t\t\t\t\t\t<\/div>\n\t\t\t\t\t\t\n\t\t\t\t\t\t\t\t\t\t\t<\/div>\n\t\t\t\t<\/div>\n\t\t\t<\/div>\n\t\t<\/div>\n\n\t\t\t\t\t\t<\/div>\n\t\t\t\t<\/div>\n\t\t\t\t\t<\/div>\n\t\t<\/div>\n\t\t\t\t\t<\/div><\/div>\r\n\t\t<\/section>\r\n\t\t\t\t\t<\/div>\n\t\t<\/div>\n\t\t\t\t\t<\/div><\/div>\r\n\t\t<\/main>\r\n\t\t<div class=\"elementor-element elementor-element-1cebc5d thegem-e-con-layout-thegem e-flex e-con-boxed e-con e-parent\" data-id=\"1cebc5d\" data-element_type=\"container\" data-settings=\"{&quot;thegem_container_layout&quot;:&quot;thegem&quot;}\">\r\n\t\t\t\t\t<div class=\"e-con-inner\">\r\n\t\t\t\t<div class=\"elementor-element elementor-element-0554056 flex-horizontal-align-default flex-horizontal-align-tablet-default flex-horizontal-align-mobile-default flex-vertical-align-default flex-vertical-align-tablet-default flex-vertical-align-mobile-default elementor-widget elementor-widget-google_maps\" data-id=\"0554056\" data-element_type=\"widget\" data-widget_type=\"google_maps.default\">\n\t\t\t\t\t\t\t<div class=\"elementor-custom-embed\">\n\t\t\t<iframe loading=\"lazy\"\n\t\t\t\t\tsrc=\"https:\/\/maps.google.com\/maps?q=Ba%C4%9Fl%C4%B1ca%2C%20%C3%87ambay%C4%B1r%C4%B1%20Cd.%20NO%3A77%2FK%20Etimesgut%2FAnkara&#038;t=m&#038;z=16&#038;output=embed&#038;iwloc=near\"\n\t\t\t\t\ttitle=\"Ba\u011fl\u0131ca, \u00c7ambay\u0131r\u0131 Cd. NO:77\/K Etimesgut\/Ankara\"\n\t\t\t\t\taria-label=\"Ba\u011fl\u0131ca, \u00c7ambay\u0131r\u0131 Cd. NO:77\/K Etimesgut\/Ankara\"\n\t\t\t><\/iframe>\n\t\t<\/div>\n\t\t\t\t\t\t<\/div>\n\t\t\t\t\t<\/div>\n\t\t\t\t<\/div>\n\t\t\t\t<section class=\"elementor-section elementor-top-section elementor-element elementor-element-f5c08b9 elementor-section-full_width elementor-section-height-default elementor-section-height-default\" data-id=\"f5c08b9\" data-element_type=\"section\">\r\n\t\t\t\t\t\t<div class=\"elementor-container elementor-column-gap-no\"><div class=\"elementor-row\">\r\n\t\t\t\t\t<div class=\"elementor-column elementor-col-100 elementor-top-column elementor-element elementor-element-864bafa\" data-id=\"864bafa\" data-element_type=\"column\">\n\t\t\t<div class=\"elementor-widget-wrap elementor-element-populated\">\n\t\t\t\t\t\t<section class=\"elementor-section elementor-inner-section elementor-element elementor-element-be44799 elementor-section-boxed elementor-section-height-default elementor-section-height-default\" data-id=\"be44799\" data-element_type=\"section\" data-settings=\"{&quot;background_background&quot;:&quot;classic&quot;,&quot;shape_divider_bottom&quot;:&quot;split&quot;,&quot;shape_divider_bottom_negative&quot;:&quot;yes&quot;}\">\r\n\t\t\t\t\t<div class=\"elementor-shape elementor-shape-bottom\" data-negative=\"true\">\r\n\t\t\t<svg xmlns=\"http:\/\/www.w3.org\/2000\/svg\" viewBox=\"0 0 1000 20\" preserveAspectRatio=\"none\">\n\t<path class=\"elementor-shape-fill\" d=\"M519.8,0.2c-11,0-19.8,8.5-19.8,19c0-10.4-8.8-19-19.8-19L0,0v20h1000V0.2H519.8z\"\/>\n<\/svg>\t\t<\/div>\r\n\t\t\t\t\t<div class=\"elementor-container elementor-column-gap-thegem\"><div class=\"elementor-row\">\r\n\t\t\t\t\t<div class=\"elementor-column elementor-col-33 elementor-inner-column elementor-element elementor-element-584bfac\" data-id=\"584bfac\" data-element_type=\"column\">\n\t\t\t<div class=\"elementor-widget-wrap elementor-element-populated\">\n\t\t\t\t\t\t<div class=\"elementor-element elementor-element-7946893 elementor-widget__width-auto flex-horizontal-align-default flex-horizontal-align-tablet-default flex-horizontal-align-mobile-default flex-vertical-align-default flex-vertical-align-tablet-default flex-vertical-align-mobile-default elementor-widget elementor-widget-heading\" data-id=\"7946893\" data-element_type=\"widget\" data-widget_type=\"heading.default\">\n\t\t\t\t\t<div class=\"title-xlarge elementor-heading-title elementor-size-default\">01.<\/div>\t\t\t\t<\/div>\n\t\t\t\t<div class=\"elementor-element elementor-element-0843625 elementor-widget__width-initial flex-horizontal-align-default flex-horizontal-align-tablet-default flex-horizontal-align-mobile-default flex-vertical-align-default flex-vertical-align-tablet-default flex-vertical-align-mobile-default elementor-widget elementor-widget-heading\" data-id=\"0843625\" data-element_type=\"widget\" data-widget_type=\"heading.default\">\n\t\t\t\t\t<div class=\"title-h5 elementor-heading-title elementor-size-default\">TECR\u00dcBE<\/div>\t\t\t\t<\/div>\n\t\t\t\t\t<\/div>\n\t\t<\/div>\n\t\t\t\t<div class=\"elementor-column elementor-col-33 elementor-inner-column elementor-element elementor-element-1ca83cd\" data-id=\"1ca83cd\" data-element_type=\"column\">\n\t\t\t<div class=\"elementor-widget-wrap elementor-element-populated\">\n\t\t\t\t\t\t<div class=\"elementor-element elementor-element-cded83b elementor-widget__width-auto flex-horizontal-align-default flex-horizontal-align-tablet-default flex-horizontal-align-mobile-default flex-vertical-align-default flex-vertical-align-tablet-default flex-vertical-align-mobile-default elementor-widget elementor-widget-heading\" data-id=\"cded83b\" data-element_type=\"widget\" data-widget_type=\"heading.default\">\n\t\t\t\t\t<div class=\"title-xlarge elementor-heading-title elementor-size-default\">02.<\/div>\t\t\t\t<\/div>\n\t\t\t\t<div class=\"elementor-element elementor-element-31a8e1c elementor-widget__width-initial flex-horizontal-align-default flex-horizontal-align-tablet-default flex-horizontal-align-mobile-default flex-vertical-align-default flex-vertical-align-tablet-default flex-vertical-align-mobile-default elementor-widget elementor-widget-heading\" data-id=\"31a8e1c\" data-element_type=\"widget\" data-widget_type=\"heading.default\">\n\t\t\t\t\t<div class=\"title-h5 elementor-heading-title elementor-size-default\">ZAMANINDA TESL\u0130M<\/div>\t\t\t\t<\/div>\n\t\t\t\t\t<\/div>\n\t\t<\/div>\n\t\t\t\t<div class=\"elementor-column elementor-col-33 elementor-inner-column elementor-element elementor-element-d090b65\" data-id=\"d090b65\" data-element_type=\"column\">\n\t\t\t<div class=\"elementor-widget-wrap elementor-element-populated\">\n\t\t\t\t\t\t<div class=\"elementor-element elementor-element-0a9261d elementor-widget__width-auto flex-horizontal-align-default flex-horizontal-align-tablet-default flex-horizontal-align-mobile-default flex-vertical-align-default flex-vertical-align-tablet-default flex-vertical-align-mobile-default elementor-widget elementor-widget-heading\" data-id=\"0a9261d\" data-element_type=\"widget\" data-widget_type=\"heading.default\">\n\t\t\t\t\t<div class=\"title-xlarge elementor-heading-title elementor-size-default\">03.<\/div>\t\t\t\t<\/div>\n\t\t\t\t<div class=\"elementor-element elementor-element-50f1791 elementor-widget__width-initial flex-horizontal-align-default flex-horizontal-align-tablet-default flex-horizontal-align-mobile-default flex-vertical-align-default flex-vertical-align-tablet-default flex-vertical-align-mobile-default elementor-widget elementor-widget-heading\" data-id=\"50f1791\" data-element_type=\"widget\" data-widget_type=\"heading.default\">\n\t\t\t\t\t<div class=\"title-h5 elementor-heading-title elementor-size-default\">ANAHTAR TESL\u0130M<\/div>\t\t\t\t<\/div>\n\t\t\t\t\t<\/div>\n\t\t<\/div>\n\t\t\t\t\t<\/div><\/div>\r\n\t\t<\/section>\r\n\t\t\t\t\t<\/div>\n\t\t<\/div>\n\t\t\t\t\t<\/div><\/div>\r\n\t\t<\/section>\r\n\t\t\t\t<\/div>\n\t\t","protected":false},"excerpt":{"rendered":"<p>HAKKIMIZDA ZNG ENERJ\u0130 olarak, elektrikli ara\u00e7 \u015farj istasyonlar\u0131 kurulumu ve&#8230;<\/p>\n","protected":false},"author":1,"featured_media":0,"parent":0,"menu_order":0,"comment_status":"closed","ping_status":"closed","template":"page-fullwidth.php","meta":{"footnotes":""},"class_list":["post-40","page","type-page","status-publish"],"_links":{"self":[{"href":"https:\/\/www.zngenerjiinsaat.com\/index.php?rest_route=\/wp\/v2\/pages\/40","targetHints":{"allow":["GET"]}}],"collection":[{"href":"https:\/\/www.zngenerjiinsaat.com\/index.php?rest_route=\/wp\/v2\/pages"}],"about":[{"href":"https:\/\/www.zngenerjiinsaat.com\/index.php?rest_route=\/wp\/v2\/types\/page"}],"author":[{"embeddable":true,"href":"https:\/\/www.zngenerjiinsaat.com\/index.php?rest_route=\/wp\/v2\/users\/1"}],"replies":[{"embeddable":true,"href":"https:\/\/www.zngenerjiinsaat.com\/index.php?rest_route=%2Fwp%2Fv2%2Fcomments&post=40"}],"version-history":[{"count":21,"href":"https:\/\/www.zngenerjiinsaat.com\/index.php?rest_route=\/wp\/v2\/pages\/40\/revisions"}],"predecessor-version":[{"id":2968,"href":"https:\/\/www.zngenerjiinsaat.com\/index.php?rest_route=\/wp\/v2\/pages\/40\/revisions\/2968"}],"wp:attachment":[{"href":"https:\/\/www.zngenerjiinsaat.com\/index.php?rest_route=%2Fwp%2Fv2%2Fmedia&parent=40"}],"curies":[{"name":"wp","href":"https:\/\/api.w.org\/{rel}","templated":true}]}}